{"id":1998,"date":"2022-05-23T20:49:55","date_gmt":"2022-05-23T20:49:55","guid":{"rendered":"https:\/\/physio-central.it\/privacy-policy\/"},"modified":"2025-09-21T16:52:23","modified_gmt":"2025-09-21T16:52:23","slug":"privacy-policy","status":"publish","type":"page","link":"https:\/\/physio-central.it\/de\/privacy-policy\/","title":{"rendered":"Privacy Policy"},"content":{"rendered":"\n<div class=\"row\">\n\t\t\t\n<h1 class=\"wp-block-heading\">Datenschutzerkl\u00e4rung von <strong>www.physio-central.it<\/strong><\/h1>\n\n<p>Diese Website erhebt bestimmte personenbezogene Daten ihrer Nutzer.<\/p>\n\n<p>Dieses Dokument kann \u00fcber die Druckfunktion des Browsers ausgedruckt werden.<\/p>\n\n<h2 class=\"wp-block-heading\">Zusammenfassung der Richtlinie<\/h2>\n\n<h2 class=\"wp-block-heading\" id=\"purposes_data\">Personenbezogene Daten, die f\u00fcr folgende Zwecke und unter Nutzung folgender Dienste verarbeitet werden:<\/h2>\n\n<ul class=\"wp-block-list\">\n<li>Werbung\n<ul class=\"wp-block-list\">\n<li>Query Click personenbezogene Daten: Nutzungsdaten; Tracking-Tool<\/li>\n<\/ul>\n<\/li>\n<\/ul>\n\n<h2 class=\"wp-block-heading\" id=\"opt_out\">Informationen zum Deaktivieren von interessenbasierter Werbung<\/h2>\n\n<p>Neben jeder Opt-out-Funktion, die von den in diesem Dokument aufgef\u00fchrten Diensten angeboten wird, k\u00f6nnen Nutzer mehr dar\u00fcber erfahren, wie sie interessenbasierte Werbung in der entsprechenden Sektion der Cookie-Richtlinie deaktivieren k\u00f6nnen.<\/p>\n\n<h2 class=\"wp-block-heading\" id=\"contact_information\">Kontaktinformationen<\/h2>\n\n<p>Verantwortlicher f\u00fcr die Datenverarbeitung:<br>Physio Central von Denis Spiandorello<br>Via J. F. Kennedy 207<br>IT \u2013 39055 Laives<\/p>\n\n<p><strong>E-Mail-Adresse des Verantwortlichen:<\/strong> info@physio-central.it<\/p>\n\n<h2 class=\"wp-block-heading\">Vollst\u00e4ndige Richtlinie<\/h2>\n\n<h2 class=\"wp-block-heading\" id=\"owner_of_the_data\">Verantwortlicher f\u00fcr die Datenverarbeitung<\/h2>\n\n<p>Physio Central von Denis Spiandorello<br>Via J. F. Kennedy 207<br>IT \u2013 39055 Laives<\/p>\n\n<p><strong>E-Mail-Adresse des Verantwortlichen:<\/strong> info@physio-central.it<\/p>\n\n<h2 class=\"wp-block-heading\" id=\"types_of_data\">Arten der gesammelten Daten<\/h2>\n\n<p>Zu den personenbezogenen Daten, die von dieser Website selbst oder \u00fcber Dritte gesammelt werden, geh\u00f6ren: Tracking-Tool; Nutzungsdaten.<\/p>\n\n<p>Detaillierte Informationen zu jeder Art gesammelter Daten finden sich in den entsprechenden Abschnitten dieser Datenschutzerkl\u00e4rung oder in spezifischen Hinweisen, die vor der Datenerhebung angezeigt werden.<br>Personenbezogene Daten k\u00f6nnen freiwillig vom Nutzer bereitgestellt werden oder, im Fall von Nutzungsdaten, automatisch w\u00e4hrend der Nutzung dieser Website gesammelt werden.<br>Sofern nicht anders angegeben, sind alle von dieser Website angeforderten Daten verpflichtend. Wenn der Nutzer diese Daten nicht bereitstellt, kann es unm\u00f6glich sein, den Service anzubieten. In F\u00e4llen, in denen einige Daten als optional gekennzeichnet sind, kann der Nutzer diese Daten zur\u00fcckhalten, ohne dass dies Auswirkungen auf die Verf\u00fcgbarkeit oder Funktionalit\u00e4t des Services hat.<br>Nutzer, die unsicher sind, welche Daten verpflichtend sind, werden gebeten, den Verantwortlichen zu kontaktieren.<br>Die Nutzung von Cookies oder anderen Tracking-Tools durch diese Website oder durch Drittanbieter erfolgt, sofern nicht anders angegeben, zur Bereitstellung des vom Nutzer angeforderten Services sowie zu weiteren Zwecken, die in diesem Dokument und in der Cookie-Richtlinie beschrieben sind.<\/p>\n\n<p>Der Nutzer ist f\u00fcr personenbezogene Daten Dritter, die \u00fcber diese Website erhalten, ver\u00f6ffentlicht oder geteilt werden, verantwortlich und gew\u00e4hrleistet, dass er das Recht hat, diese Daten mitzuteilen, wodurch der Verantwortliche von jeglicher Haftung gegen\u00fcber Dritten freigestellt wird.<\/p>\n\n<h2 class=\"wp-block-heading\" id=\"place_of_processing\">Art und Ort der Verarbeitung der gesammelten Daten<\/h2>\n\n<h3 class=\"wp-block-heading\">Verarbeitungsmethoden<\/h3>\n\n<p>Der Verantwortliche ergreift angemessene Sicherheitsma\u00dfnahmen, um unbefugten Zugriff, Offenlegung, \u00c4nderung oder Zerst\u00f6rung personenbezogener Daten zu verhindern.<br>Die Verarbeitung erfolgt mittels IT- und\/oder Telekommunikationsmittel, mit organisatorischen Ma\u00dfnahmen und Logiken, die eng mit den angegebenen Zwecken verbunden sind. Neben dem Verantwortlichen k\u00f6nnen in bestimmten F\u00e4llen auch andere Personen Zugang zu den Daten haben, die an der Organisation dieser Website beteiligt sind (Verwaltungs-, Verkaufs-, Marketing-, Rechts- oder Systemadministrationspersonal) oder externe Dritte (z.\u202fB. technische Dienstleister, Postdienste, Hosting-Anbieter, IT-Firmen, Kommunikationsagenturen), die gegebenenfalls als Auftragsverarbeiter benannt werden. Eine aktuelle Liste der Auftragsverarbeiter kann beim Verantwortlichen angefordert werden.<\/p>\n\n<h3 class=\"wp-block-heading\">Rechtsgrundlage der Verarbeitung<\/h3>\n\n<p>Der Verantwortliche verarbeitet personenbezogene Daten des Nutzers, wenn eine der folgenden Bedingungen erf\u00fcllt ist:<\/p>\n\n<ul class=\"wp-block-list\">\n<li>Der Nutzer hat seine Einwilligung f\u00fcr einen oder mehrere spezifische Zwecke erteilt; Hinweis: In einigen Rechtsordnungen kann der Verantwortliche berechtigt sein, personenbezogene Daten ohne Einwilligung des Nutzers oder andere unten genannte Rechtsgrundlagen zu verarbeiten, bis der Nutzer widerspricht (\u201eOpt-out\u201c). Dies gilt jedoch nicht, wenn die Verarbeitung personenbezogener Daten durch europ\u00e4isches Datenschutzrecht geregelt ist.<\/li>\n\n<li>Die Verarbeitung ist f\u00fcr die Erf\u00fcllung eines Vertrags mit dem Nutzer oder zur Durchf\u00fchrung vorvertraglicher Ma\u00dfnahmen erforderlich;<\/li>\n\n<li>Die Verarbeitung ist zur Erf\u00fcllung einer rechtlichen Verpflichtung erforderlich, der der Verantwortliche unterliegt;<\/li>\n\n<li>Die Verarbeitung ist zur Wahrnehmung einer Aufgabe von \u00f6ffentlichem Interesse oder zur Aus\u00fcbung \u00f6ffentlicher Gewalt erforderlich, die dem Verantwortlichen \u00fcbertragen wurde;<\/li>\n\n<li>Die Verarbeitung ist zur Wahrung berechtigter Interessen des Verantwortlichen oder Dritter erforderlich.<\/li>\n<\/ul>\n\n<p>Es ist jederzeit m\u00f6glich, vom Verantwortlichen Klarheit \u00fcber die konkrete Rechtsgrundlage jeder Verarbeitung zu verlangen, insbesondere ob die Verarbeitung gesetzlich vorgeschrieben, vertraglich vorgesehen oder zur Durchf\u00fchrung eines Vertrags erforderlich ist.<\/p>\n\n<h3 class=\"wp-block-heading\">Ort<\/h3>\n\n<p>Die Daten werden an den Betriebsstandorten des Verantwortlichen und an jedem anderen Ort verarbeitet, an dem die an der Verarbeitung beteiligten Parteien ans\u00e4ssig sind. F\u00fcr weitere Informationen kontaktieren Sie den Verantwortlichen.<br>Personenbezogene Daten des Nutzers k\u00f6nnen in ein anderes Land als das Land des Nutzers \u00fcbertragen werden. Weitere Informationen zum Ort der Verarbeitung k\u00f6nnen in den entsprechenden Abschnitten dieser Datenschutzerkl\u00e4rung eingesehen werden.<\/p>\n\n<p>Der Nutzer hat das Recht, Informationen \u00fcber die Rechtsgrundlage der \u00dcbermittlung von Daten au\u00dferhalb der Europ\u00e4ischen Union oder an eine internationale Organisation zu erhalten sowie \u00fcber die vom Verantwortlichen ergriffenen Sicherheitsma\u00dfnahmen zum Schutz der Daten.<br><br>Der Nutzer kann pr\u00fcfen, ob eine der beschriebenen \u00dcbertragungen erfolgt, indem er die entsprechenden Abschnitte dieser Datenschutzerkl\u00e4rung einliest oder den Verantwortlichen kontaktiert.<\/p>\n\n<h3 class=\"wp-block-heading\">Speicherdauer<\/h3>\n\n<p>Die Daten werden f\u00fcr die Dauer gespeichert, die f\u00fcr die Zwecke erforderlich ist, f\u00fcr die sie erhoben wurden.<\/p>\n\n<p>Demnach:<\/p>\n\n<ul class=\"wp-block-list\">\n<li>Personenbezogene Daten, die f\u00fcr die Erf\u00fcllung eines Vertrags zwischen dem Verantwortlichen und dem Nutzer erhoben wurden, werden so lange aufbewahrt, bis der Vertrag erf\u00fcllt ist.<\/li>\n\n<li>Personenbezogene Daten, die f\u00fcr Zwecke erhoben wurden, die im berechtigten Interesse des Verantwortlichen liegen, werden so lange aufbewahrt, bis dieses Interesse erf\u00fcllt ist. Weitere Informationen zu den berechtigten Interessen finden Nutzer in den entsprechenden Abschnitten oder beim Verantwortlichen.<\/li>\n<\/ul>\n\n<p>Wenn die Verarbeitung auf der Einwilligung des Nutzers basiert, kann der Verantwortliche personenbezogene Daten l\u00e4nger speichern, bis die Einwilligung widerrufen wird. Zudem kann der Verantwortliche gesetzlich verpflichtet sein, die Daten l\u00e4nger aufzubewahren.<br><br>Nach Ablauf der Aufbewahrungsfrist werden personenbezogene Daten gel\u00f6scht. Ab diesem Zeitpunkt k\u00f6nnen die Rechte auf Zugriff, L\u00f6schung, Berichtigung und Daten\u00fcbertragbarkeit nicht mehr ausge\u00fcbt werden.<\/p>\n\n<h2 class=\"wp-block-heading\" id=\"use_collected_data\">Zwecke der Verarbeitung der gesammelten Daten<\/h2>\n\n<p>Die Daten des Nutzers werden erhoben, um dem Verantwortlichen die Bereitstellung des Services zu erm\u00f6glichen, gesetzliche Verpflichtungen zu erf\u00fcllen, auf Anfragen oder rechtliche Schritte zu reagieren, eigene Rechte und Interessen zu wahren, betr\u00fcgerische Aktivit\u00e4ten zu erkennen sowie zu folgenden Zwecken: Werbung.<\/p>\n\n<p>F\u00fcr detaillierte Informationen zu den Verarbeitungszwecken und den f\u00fcr jeden Zweck verarbeiteten personenbezogenen Daten siehe Abschnitt \u201eDetails zur Verarbeitung personenbezogener Daten\u201c.<\/p>\n\n<h2 class=\"wp-block-heading\" id=\"data_processing_detailed_info\">Details zur Verarbeitung personenbezogener Daten<\/h2>\n\n<p>Personenbezogene Daten werden f\u00fcr folgende Zwecke und unter Nutzung folgender Dienste verarbeitet:<\/p>\n\n<ul class=\"wp-block-list\">\n<li>Werbung: Diese Art von Diensten erm\u00f6glicht die Nutzung der Nutzerdaten f\u00fcr kommerzielle Kommunikation. Diese Anzeigen werden auf dieser Website in Form von Bannern und anderen Werbeformen, auch basierend auf den Interessen des Nutzers, angezeigt.<br>Dies bedeutet nicht, dass alle personenbezogenen Daten f\u00fcr diesen Zweck verwendet werden. Daten und Nutzungsbedingungen sind unten aufgef\u00fchrt.<br>Einige der unten aufgef\u00fchrten Dienste k\u00f6nnen Tracking-Tools verwenden, um den Nutzer zu identifizieren oder Behavioral Retargeting anzuwenden, d.h. personalisierte Werbung basierend auf Interessen und Verhalten des Nutzers anzuzeigen, auch au\u00dferhalb dieser Website. Weitere Informationen finden Sie in den Datenschutzrichtlinien der jeweiligen Dienste.<br>In der Regel bieten solche Dienste die M\u00f6glichkeit, das Tracking zu deaktivieren. Neben der Opt-out-Funktion der Dienste kann der Nutzer mehr \u00fcber die Deaktivierung interessenbasierter Werbung in der Sektion \u201eWie interessenbasierte Werbung deaktiviert wird\u201c erfahren.<br>Query Click (Query Click Limited) ist ein Werbedienst von Query Click Limited. Personenbezogene Daten: Nutzungsdaten; Tracking-Tool. Verarbeitungsort: Vereinigtes K\u00f6nigreich \u2013 <a href=\"https:\/\/www.queryclick.com\/privacy-policy\" target=\"_blank\" rel=\"noreferrer noopener\">Datenschutzerkl\u00e4rung<\/a>.<\/li>\n<\/ul>\n\n<h2 class=\"wp-block-heading\" id=\"opt_out\">Informationen zum Deaktivieren interessenbasierter Werbung<\/h2>\n\n<p>Neben jeder Opt-out-Funktion der aufgef\u00fchrten Dienste k\u00f6nnen Nutzer weitere Informationen in der Cookie-Richtlinie einsehen.<\/p>\n\n<h2 class=\"wp-block-heading\" id=\"rights_subjects\">Rechte der Nutzer<\/h2>\n\n<p>Nutzer k\u00f6nnen bestimmte Rechte in Bezug auf die vom Verantwortlichen verarbeiteten Daten aus\u00fcben.<\/p>\n\n<p>Insbesondere hat der Nutzer das Recht:<\/p>\n\n<ul class=\"wp-block-list\">\n<li><strong>Einwilligung jederzeit zu widerrufen.<\/strong> Nutzer k\u00f6nnen ihre Einwilligung zur Verarbeitung ihrer personenbezogenen Daten widerrufen.<\/li>\n\n<li><strong>der Verarbeitung der eigenen Daten zu widersprechen.<\/strong> Nutzer k\u00f6nnen der Verarbeitung ihrer Daten widersprechen, wenn diese auf einer anderen Rechtsgrundlage als der Einwilligung erfolgt. Weitere Details finden sich im folgenden Abschnitt.<\/li>\n\n<li><strong>Zugriff auf eigene Daten.<\/strong> Nutzer haben das Recht, Informationen \u00fcber die verarbeiteten Daten zu erhalten und eine Kopie zu bekommen.<\/li>\n\n<li><strong>Daten \u00fcberpr\u00fcfen und berichtigen lassen.<\/strong> Nutzer k\u00f6nnen die Richtigkeit ihrer Daten \u00fcberpr\u00fcfen und deren Aktualisierung oder Korrektur verlangen.<\/li>\n\n<li><strong>Verarbeitung einschr\u00e4nken lassen.<\/strong> Unter bestimmten Bedingungen kann der Nutzer die Einschr\u00e4nkung der Verarbeitung seiner Daten verlangen. In diesem Fall werden die Daten nur noch gespeichert.<\/li>\n\n<li><strong>L\u00f6schung der eigenen personenbezogenen Daten.<\/strong> Unter bestimmten Bedingungen kann der Nutzer die L\u00f6schung seiner Daten durch den Verantwortlichen verlangen.<\/li>\n\n<li><strong>Daten\u00fcbertragbarkeit.<\/strong> Nutzer k\u00f6nnen ihre Daten in einem strukturierten, g\u00e4ngigen und maschinenlesbaren Format erhalten und, wenn technisch m\u00f6glich, an einen anderen Verantwortlichen \u00fcbertragen lassen.<\/li>\n\n<li><strong>Beschwerde einreichen.<\/strong> Nutzer k\u00f6nnen eine Beschwerde bei der zust\u00e4ndigen Datenschutzbeh\u00f6rde einreichen oder rechtliche Schritte einleiten.<\/li>\n<\/ul>\n\n<h3 class=\"wp-block-heading\">Details zum Widerspruchsrecht<\/h3>\n\n<p>Wenn personenbezogene Daten im \u00f6ffentlichen Interesse, zur Aus\u00fcbung \u00f6ffentlicher Gewalt oder zur Wahrung berechtigter Interessen verarbeitet werden, k\u00f6nnen Nutzer aus Gr\u00fcnden, die sich aus ihrer besonderen Situation ergeben, widersprechen.<\/p>\n\n<p>Wenn die Daten f\u00fcr Direktmarketing verarbeitet werden, kann der Nutzer jederzeit ohne Angabe von Gr\u00fcnden widersprechen.<\/p>\n\n<h3 class=\"wp-block-heading\">Aus\u00fcbung der Rechte<\/h3>\n\n<p>Zur Aus\u00fcbung ihrer Rechte k\u00f6nnen Nutzer den Verantwortlichen \u00fcber die in diesem Dokument angegebenen Kontaktdaten kontaktieren. Anfragen sind kostenlos und werden innerhalb eines Monats bearbeitet.<\/p>\n\n<h2 class=\"wp-block-heading\" id=\"cookie_policy\">Cookie-Richtlinie<\/h2>\n\n<p>Diese Website verwendet Tracking-Tools. Weitere Informationen finden Nutzer in der <a href=\"https:\/\/www.iubenda.com\/privacy-policy\/41723420\/cookie-policy\" target=\"_blank\" rel=\"noopener\">Cookie-Richtlinie<\/a>.<\/p>\n\n<h2 class=\"wp-block-heading\" id=\"further_data_processing_info\">Weitere Informationen zur Verarbeitung<\/h2>\n\n<h3 class=\"wp-block-heading\">Rechtsverteidigung<\/h3>\n\n<p>Personenbezogene Daten des Nutzers k\u00f6nnen vom Verantwortlichen in Gerichtsverfahren oder zur Vorbereitung solcher Verfahren verwendet werden, um Missbrauch bei der Nutzung der Website oder der Dienste zu verhindern.<br>Der Nutzer ist sich bewusst, dass der Verantwortliche die Daten auf Anordnung \u00f6ffentlicher Beh\u00f6rden offenlegen k\u00f6nnte.<\/p>\n\n<h3 class=\"wp-block-heading\">Spezifische Hinweise<\/h3>\n\n<p>Auf Anfrage kann diese Website zus\u00e4tzliche kontextbezogene Hinweise zu spezifischen Diensten oder zur Erhebung und Verarbeitung personenbezogener Daten bereitstellen.<\/p>\n\n<h3 class=\"wp-block-heading\">Systemprotokolle und Wartung<\/h3>\n\n<p>Zur Funktionsf\u00e4higkeit und Wartung k\u00f6nnen diese Website und genutzte Drittanbieterdienste Systemprotokolle sammeln, die auch personenbezogene Daten wie IP-Adressen enthalten k\u00f6nnen.<\/p>\n\n<h3 class=\"wp-block-heading\">Nicht in dieser Richtlinie enthaltene Informationen<\/h3>\n\n<p>Weitere Informationen zur Verarbeitung personenbezogener Daten k\u00f6nnen jederzeit beim Verantwortlichen angefragt werden.<\/p>\n\n<h3 class=\"wp-block-heading\">Antwort auf \u201eDo Not Track\u201c-Anfragen<\/h3>\n\n<p>Diese Website unterst\u00fctzt keine \u201eDo Not Track\u201c-Anfragen.<br>Ob Drittanbieter dies tun, ist in deren Datenschutzrichtlinien nachzulesen.<\/p>\n\n<h3 class=\"wp-block-heading\">\u00c4nderungen der Datenschutzerkl\u00e4rung<\/h3>\n\n<p>Der Verantwortliche beh\u00e4lt sich das Recht vor, die Datenschutzerkl\u00e4rung jederzeit zu \u00e4ndern, Nutzer auf dieser Seite oder \u00fcber Kontaktinformationen zu informieren. Wenn \u00c4nderungen auf Einwilligung basieren, wird diese erneut eingeholt.<\/p>\n\n<h3 class=\"wp-block-heading\" id=\"definitions_and_legal_references\">Definitionen und rechtliche Hinweise<\/h3>\n\n<h4 class=\"wp-block-heading\">Personenbezogene Daten<\/h4>\n\n<p>Alle Informationen, die eine Person direkt oder indirekt identifizieren.<\/p>\n\n<h4 class=\"wp-block-heading\">Nutzungsdaten<\/h4>\n\n<p>Automatisch gesammelte Informationen wie IP-Adressen, Browserdaten, besuchte Seiten, Zeitstempel usw.<\/p>\n\n<h4 class=\"wp-block-heading\">Nutzer<\/h4>\n\n<p>Die Person, die die Website nutzt, in der Regel der Betroffene.<\/p>\n\n<h4 class=\"wp-block-heading\">Betroffener<\/h4>\n\n<p>Die nat\u00fcrliche Person, auf die sich die Daten beziehen.<\/p>\n\n<h4 class=\"wp-block-heading\">Auftragsverarbeiter<\/h4>\n\n<p>Person oder Organisation, die Daten im Auftrag des Verantwortlichen verarbeitet.<\/p>\n\n<h4 class=\"wp-block-heading\">Verantwortlicher<\/h4>\n\n<p>Die Person oder Organisation, die \u00fcber Zweck und Mittel der Datenverarbeitung entscheidet.<\/p>\n\n<h4 class=\"wp-block-heading\">Website\/Anwendung<\/h4>\n\n<p>Das Tool, \u00fcber das die Daten gesammelt und verarbeitet werden.<\/p>\n\n<h4 class=\"wp-block-heading\">Service<\/h4>\n\n<p>Der auf dieser Website bereitgestellte Dienst.<\/p>\n\n<h4 class=\"wp-block-heading\">Europ\u00e4ische Union (EU)<\/h4>\n\n<p>Bezieht sich auf alle aktuellen Mitgliedstaaten der EU und des EWR.<\/p>\n\n<h4 class=\"wp-block-heading\">Cookies<\/h4>\n\n<p>Kleine Datenst\u00fccke, die im Browser des Nutzers gespeichert werden.<\/p>\n\n<h4 class=\"wp-block-heading\">Tracking-Tool<\/h4>\n\n<p>Technologie zur Verfolgung von Nutzern, z.B. Cookies, Web Beacons, Fingerprinting.<\/p>\n\n<hr class=\"wp-block-separator has-alpha-channel-opacity\">\n\n<h4 class=\"wp-block-heading\">Rechtliche Hinweise<\/h4>\n\n<p>Diese Datenschutzerkl\u00e4rung basiert auf verschiedenen Rechtsordnungen, einschlie\u00dflich Artikel 13 und 14 der Verordnung (EU) 2016\/679.<\/p>\n\n<p>Sofern nicht anders angegeben, gilt diese Datenschutzerkl\u00e4rung ausschlie\u00dflich f\u00fcr diese Website.<\/p>\n<\/div>\n\n","protected":false},"excerpt":{"rendered":"<p>Datenschutzerkl\u00e4rung von www.physio-central.it Diese Website erhebt bestimmte personenbezogene Daten ihrer Nutzer. Dieses Dokument kann \u00fcber die Druckfunktion des Browsers ausgedruckt werden. Zusammenfassung der Richtlinie Personenbezogene Daten, die f\u00fcr folgende Zwecke&#8230;<\/p>\n","protected":false},"author":2,"featured_media":0,"parent":0,"menu_order":0,"comment_status":"closed","ping_status":"closed","template":"","meta":{"footnotes":""},"class_list":["post-1998","page","type-page","status-publish"],"_links":{"self":[{"href":"https:\/\/physio-central.it\/de\/wp-json\/wp\/v2\/pages\/1998","targetHints":{"allow":["GET"]}}],"collection":[{"href":"https:\/\/physio-central.it\/de\/wp-json\/wp\/v2\/pages"}],"about":[{"href":"https:\/\/physio-central.it\/de\/wp-json\/wp\/v2\/types\/page"}],"author":[{"embeddable":true,"href":"https:\/\/physio-central.it\/de\/wp-json\/wp\/v2\/users\/2"}],"replies":[{"embeddable":true,"href":"https:\/\/physio-central.it\/de\/wp-json\/wp\/v2\/comments?post=1998"}],"version-history":[{"count":3,"href":"https:\/\/physio-central.it\/de\/wp-json\/wp\/v2\/pages\/1998\/revisions"}],"predecessor-version":[{"id":2135,"href":"https:\/\/physio-central.it\/de\/wp-json\/wp\/v2\/pages\/1998\/revisions\/2135"}],"wp:attachment":[{"href":"https:\/\/physio-central.it\/de\/wp-json\/wp\/v2\/media?parent=1998"}],"curies":[{"name":"wp","href":"https:\/\/api.w.org\/{rel}","templated":true}]}}